{"id":8,"date":"2019-01-02T17:58:13","date_gmt":"2019-01-02T17:58:13","guid":{"rendered":"http:\/\/ferienwohnung-lammerberg.de\/?page_id=8"},"modified":"2019-01-02T18:12:20","modified_gmt":"2019-01-02T18:12:20","slug":"die-wohnung","status":"publish","type":"page","link":"https:\/\/ferienwohnung-lammerberg.de\/?page_id=8","title":{"rendered":"Die Wohnung"},"content":{"rendered":"\n<p>Ankommen und sich wohlf\u00fchlen!<\/p>\n\n\n\n<p>Ihr Urlaubsdomizil liegt im ersten Stock\nunseres Zweifamilienhauses. Auf 110 qm stehen Ihnen zwei Schlafzimmer, ein\nWohnzimmer, ein Esszimmer, Bad und separates WC, eine Wohnk\u00fcche und ein\nsonniger Balkon zur Verf\u00fcgung.<\/p>\n\n\n\n<p>Ihr Auto parken Sie auf einem Stellplatz\ndirekt vor dem Haus. Falls Sie Ihre eigenen Fahrr\u00e4der mitbringen m\u00f6chten,\nstellen wir Ihnen gerne unsere Garage zur Verf\u00fcgung.<\/p>\n\n\n\n<p>Bitte beachten Sie, dass unsere Wohnung\neine<strong> Nichtraucherwohnung<\/strong> ist!<\/p>\n","protected":false},"excerpt":{"rendered":"<p>Ankommen und sich wohlf\u00fchlen! Ihr Urlaubsdomizil liegt im ersten Stock unseres Zweifamilienhauses. Auf 110 qm stehen Ihnen zwei Schlafzimmer, ein Wohnzimmer, ein Esszimmer, Bad und separates WC, eine Wohnk\u00fcche und ein sonniger Balkon zur Verf\u00fcgung. Ihr Auto parken Sie auf einem Stellplatz direkt vor dem Haus. Falls Sie Ihre eigenen Fahrr\u00e4der mitbringen m\u00f6chten, stellen wir &hellip; <\/p>\n<p class=\"link-more\"><a href=\"https:\/\/ferienwohnung-lammerberg.de\/?page_id=8\" class=\"more-link\"><span class=\"screen-reader-text\">\u201eDie Wohnung\u201c<\/span> weiterlesen<\/a><\/p>\n","protected":false},"author":1,"featured_media":0,"parent":0,"menu_order":0,"comment_status":"closed","ping_status":"closed","template":"","meta":{"footnotes":""},"class_list":["post-8","page","type-page","status-publish","hentry"],"_links":{"self":[{"href":"https:\/\/ferienwohnung-lammerberg.de\/index.php?rest_route=\/wp\/v2\/pages\/8","targetHints":{"allow":["GET"]}}],"collection":[{"href":"https:\/\/ferienwohnung-lammerberg.de\/index.php?rest_route=\/wp\/v2\/pages"}],"about":[{"href":"https:\/\/ferienwohnung-lammerberg.de\/index.php?rest_route=\/wp\/v2\/types\/page"}],"author":[{"embeddable":true,"href":"https:\/\/ferienwohnung-lammerberg.de\/index.php?rest_route=\/wp\/v2\/users\/1"}],"replies":[{"embeddable":true,"href":"https:\/\/ferienwohnung-lammerberg.de\/index.php?rest_route=%2Fwp%2Fv2%2Fcomments&post=8"}],"version-history":[{"count":2,"href":"https:\/\/ferienwohnung-lammerberg.de\/index.php?rest_route=\/wp\/v2\/pages\/8\/revisions"}],"predecessor-version":[{"id":45,"href":"https:\/\/ferienwohnung-lammerberg.de\/index.php?rest_route=\/wp\/v2\/pages\/8\/revisions\/45"}],"wp:attachment":[{"href":"https:\/\/ferienwohnung-lammerberg.de\/index.php?rest_route=%2Fwp%2Fv2%2Fmedia&parent=8"}],"curies":[{"name":"wp","href":"https:\/\/api.w.org\/{rel}","templated":true}]}}