{"id":6,"date":"2019-01-02T17:58:13","date_gmt":"2019-01-02T17:58:13","guid":{"rendered":"http:\/\/ferienwohnung-lammerberg.de\/?page_id=6"},"modified":"2023-06-30T06:45:41","modified_gmt":"2023-06-30T06:45:41","slug":"willkommen","status":"publish","type":"page","link":"https:\/\/ferienwohnung-lammerberg.de\/","title":{"rendered":"Willkommen"},"content":{"rendered":"\n<figure class=\"wp-block-image size-large\"><img loading=\"lazy\" decoding=\"async\" width=\"1024\" height=\"768\" src=\"http:\/\/ferienwohnung-lammerberg.de\/wp-content\/uploads\/2023\/06\/Hausansicht-1024x768.jpg\" alt=\"\" class=\"wp-image-205\" srcset=\"https:\/\/ferienwohnung-lammerberg.de\/wp-content\/uploads\/2023\/06\/Hausansicht-1024x768.jpg 1024w, https:\/\/ferienwohnung-lammerberg.de\/wp-content\/uploads\/2023\/06\/Hausansicht-300x225.jpg 300w, https:\/\/ferienwohnung-lammerberg.de\/wp-content\/uploads\/2023\/06\/Hausansicht-768x576.jpg 768w, https:\/\/ferienwohnung-lammerberg.de\/wp-content\/uploads\/2023\/06\/Hausansicht-1536x1152.jpg 1536w, https:\/\/ferienwohnung-lammerberg.de\/wp-content\/uploads\/2023\/06\/Hausansicht-2048x1536.jpg 2048w\" sizes=\"auto, (max-width: 706px) 89vw, (max-width: 767px) 82vw, 740px\" \/><\/figure>\n\n\n\n<p><strong>Liebe G\u00e4ste,<\/strong><\/p>\n\n\n\n<p>herzlich willkommen werden wir sagen, wenn Sie uns in Albstadt-Tailfingen besuchen. <br>Unsere gem\u00fctliche und kinderfreundliche Ferienwohnung liegt ruhig und doch zentrumsnah in Albstadt-Tailfingen.<\/p>\n\n\n\n<p>Auf 110 qm stehen Ihnen zwei Schlafzimmer,\nein Wohnzimmer, ein Esszimmer sowie ein Bad und ein separates WC zur Verf\u00fcgung.\nNat\u00fcrlich geh\u00f6rt ein kleiner Balkon, auf dem Sie bei sch\u00f6nem Wetter schon das\nFr\u00fchst\u00fcck genie\u00dfen k\u00f6nnen, zur Ferienwohnung dazu. Kinderbett, Kinderhochstuhl\nsowie Wickelauflage werden gerne zur Verf\u00fcgung gestellt.<\/p>\n\n\n\n<p>Die raue Alb l\u00e4dt vor allem zum Wandern\nund Radfahren ein, die Traufg\u00e4nge sind in wenigen Minuten zu erreichen und der\nDown-Hill-Park liegt quasi um die Ecke.&nbsp;Im Winter gibt es zahlreiche\nLoipen und Lifte, die zur sportlichen Bet\u00e4tigung in der freien Natur einladen.<\/p>\n\n\n\n<p>Aber auch f\u00fcr Kulturinteressierte ist auf\nder Alb viel geboten &#8211; zahlreiche Museen wie der Kr\u00e4uterkasten in\nAlbstadt-Ebingen oder das Maschenmuseum in Albstadt-Tailfingen und\nAusflugsziele in der n\u00e4heren Umgebung (Burg Hohenzollern, Schloss Sigmaringen,\nBodensee usw.) warten darauf, von Ihnen entdeckt zu werden. <\/p>\n\n\n\n<p>Seit Juli 2020 geh\u00f6ren wir zu den<strong> AlbCard<\/strong>-Gastgebern. Die <strong>AlbCard<\/strong> schenken wir Ihnen beim Check-in in unserem Haus. Und dann hei\u00dft es: <strong>grenzenlose, umweltfreundliche Mobilit\u00e4t und maximales Erlebnis ohne Zusatzkosten<\/strong> w\u00e4hrend Ihres gesamten Aufenthalts bei uns. <br><br>Falls wir nun Ihr Interesse geweckt haben, freuen wir uns, wenn wir Sie als unsere G\u00e4ste in unserer Ferienwohnung begr\u00fc\u00dfen d\u00fcrfen. <\/p>\n\n\n\n<p>Ihre<br>Nadja Wittmann<\/p>\n\n\n\n<figure class=\"wp-block-image size-full\"><img loading=\"lazy\" decoding=\"async\" width=\"679\" height=\"455\" src=\"http:\/\/ferienwohnung-lammerberg.de\/wp-content\/uploads\/2022\/04\/AlbCard_frei-002-1.jpg\" alt=\"\" class=\"wp-image-182\" srcset=\"https:\/\/ferienwohnung-lammerberg.de\/wp-content\/uploads\/2022\/04\/AlbCard_frei-002-1.jpg 679w, https:\/\/ferienwohnung-lammerberg.de\/wp-content\/uploads\/2022\/04\/AlbCard_frei-002-1-300x201.jpg 300w\" sizes=\"auto, (max-width: 679px) 100vw, 679px\" \/><\/figure>\n","protected":false},"excerpt":{"rendered":"<p>Liebe G\u00e4ste, herzlich willkommen werden wir sagen, wenn Sie uns in Albstadt-Tailfingen besuchen. Unsere gem\u00fctliche und kinderfreundliche Ferienwohnung liegt ruhig und doch zentrumsnah in Albstadt-Tailfingen. Auf 110 qm stehen Ihnen zwei Schlafzimmer, ein Wohnzimmer, ein Esszimmer sowie ein Bad und ein separates WC zur Verf\u00fcgung. Nat\u00fcrlich geh\u00f6rt ein kleiner Balkon, auf dem Sie bei sch\u00f6nem &hellip; <\/p>\n<p class=\"link-more\"><a href=\"https:\/\/ferienwohnung-lammerberg.de\/\" class=\"more-link\"><span class=\"screen-reader-text\">\u201eWillkommen\u201c<\/span> weiterlesen<\/a><\/p>\n","protected":false},"author":1,"featured_media":0,"parent":0,"menu_order":0,"comment_status":"closed","ping_status":"closed","template":"","meta":{"footnotes":""},"class_list":["post-6","page","type-page","status-publish","hentry"],"_links":{"self":[{"href":"https:\/\/ferienwohnung-lammerberg.de\/index.php?rest_route=\/wp\/v2\/pages\/6","targetHints":{"allow":["GET"]}}],"collection":[{"href":"https:\/\/ferienwohnung-lammerberg.de\/index.php?rest_route=\/wp\/v2\/pages"}],"about":[{"href":"https:\/\/ferienwohnung-lammerberg.de\/index.php?rest_route=\/wp\/v2\/types\/page"}],"author":[{"embeddable":true,"href":"https:\/\/ferienwohnung-lammerberg.de\/index.php?rest_route=\/wp\/v2\/users\/1"}],"replies":[{"embeddable":true,"href":"https:\/\/ferienwohnung-lammerberg.de\/index.php?rest_route=%2Fwp%2Fv2%2Fcomments&post=6"}],"version-history":[{"count":7,"href":"https:\/\/ferienwohnung-lammerberg.de\/index.php?rest_route=\/wp\/v2\/pages\/6\/revisions"}],"predecessor-version":[{"id":227,"href":"https:\/\/ferienwohnung-lammerberg.de\/index.php?rest_route=\/wp\/v2\/pages\/6\/revisions\/227"}],"wp:attachment":[{"href":"https:\/\/ferienwohnung-lammerberg.de\/index.php?rest_route=%2Fwp%2Fv2%2Fmedia&parent=6"}],"curies":[{"name":"wp","href":"https:\/\/api.w.org\/{rel}","templated":true}]}}