{"id":184,"date":"2022-04-22T14:40:03","date_gmt":"2022-04-22T14:40:03","guid":{"rendered":"http:\/\/ferienwohnung-lammerberg.de\/?page_id=184"},"modified":"2022-04-22T14:55:27","modified_gmt":"2022-04-22T14:55:27","slug":"die-albcard","status":"publish","type":"page","link":"https:\/\/ferienwohnung-lammerberg.de\/?page_id=184","title":{"rendered":"Die AlbCard"},"content":{"rendered":"\n<p>Wir schenken Ihnen ab der ersten Urlaubsnacht die AlbCard, die Ihnen w\u00e4hrend Ihres gesamten Aufenthalts kostenlose Erlebnisse und Eintritte bei \u00fcber 150 Sehensw\u00fcrdigkeiten erm\u00f6glicht &#8211; von den Schl\u00f6ssern und Burgen der Alb \u00fcber die Thermen bis zu Freizeitaktivit\u00e4ten wie Kanufahren oder E-Bike-Tour.<\/p>\n\n\n\n<p> Zus\u00e4tzlich ist die AlbCard Ihr Fahrschein im \u00d6PNV sowohl in den St\u00e4dten wie auch auf der Albhochfl\u00e4che.  Am besten informieren Sie sich schon zuhause, welche Angebote f\u00fcr Sie interessant sind und ob es coronabedingt noch Einschr\u00e4nkungen gibt. <\/p>\n\n\n\n<p>Mehr Informationen finden Sie unter <a href=\"https:\/\/www.schwaebischealb.de\/albcard\" target=\"_blank\" rel=\"noreferrer noopener\">AlbCard | Schwaebische Alb<\/a> .<\/p>\n\n\n\n<p><\/p>\n","protected":false},"excerpt":{"rendered":"<p>Wir schenken Ihnen ab der ersten Urlaubsnacht die AlbCard, die Ihnen w\u00e4hrend Ihres gesamten Aufenthalts kostenlose Erlebnisse und Eintritte bei \u00fcber 150 Sehensw\u00fcrdigkeiten erm\u00f6glicht &#8211; von den Schl\u00f6ssern und Burgen der Alb \u00fcber die Thermen bis zu Freizeitaktivit\u00e4ten wie Kanufahren oder E-Bike-Tour. Zus\u00e4tzlich ist die AlbCard Ihr Fahrschein im \u00d6PNV sowohl in den St\u00e4dten wie &hellip; <\/p>\n<p class=\"link-more\"><a href=\"https:\/\/ferienwohnung-lammerberg.de\/?page_id=184\" class=\"more-link\"><span class=\"screen-reader-text\">\u201eDie AlbCard\u201c<\/span> weiterlesen<\/a><\/p>\n","protected":false},"author":1,"featured_media":182,"parent":0,"menu_order":0,"comment_status":"closed","ping_status":"closed","template":"","meta":{"footnotes":""},"class_list":["post-184","page","type-page","status-publish","has-post-thumbnail","hentry"],"_links":{"self":[{"href":"https:\/\/ferienwohnung-lammerberg.de\/index.php?rest_route=\/wp\/v2\/pages\/184","targetHints":{"allow":["GET"]}}],"collection":[{"href":"https:\/\/ferienwohnung-lammerberg.de\/index.php?rest_route=\/wp\/v2\/pages"}],"about":[{"href":"https:\/\/ferienwohnung-lammerberg.de\/index.php?rest_route=\/wp\/v2\/types\/page"}],"author":[{"embeddable":true,"href":"https:\/\/ferienwohnung-lammerberg.de\/index.php?rest_route=\/wp\/v2\/users\/1"}],"replies":[{"embeddable":true,"href":"https:\/\/ferienwohnung-lammerberg.de\/index.php?rest_route=%2Fwp%2Fv2%2Fcomments&post=184"}],"version-history":[{"count":2,"href":"https:\/\/ferienwohnung-lammerberg.de\/index.php?rest_route=\/wp\/v2\/pages\/184\/revisions"}],"predecessor-version":[{"id":194,"href":"https:\/\/ferienwohnung-lammerberg.de\/index.php?rest_route=\/wp\/v2\/pages\/184\/revisions\/194"}],"wp:featuredmedia":[{"embeddable":true,"href":"https:\/\/ferienwohnung-lammerberg.de\/index.php?rest_route=\/wp\/v2\/media\/182"}],"wp:attachment":[{"href":"https:\/\/ferienwohnung-lammerberg.de\/index.php?rest_route=%2Fwp%2Fv2%2Fmedia&parent=184"}],"curies":[{"name":"wp","href":"https:\/\/api.w.org\/{rel}","templated":true}]}}