{"id":170,"date":"2022-04-22T14:41:33","date_gmt":"2022-04-22T14:41:33","guid":{"rendered":"http:\/\/ferienwohnung-lammerberg.de\/?page_id=170"},"modified":"2023-06-30T06:44:04","modified_gmt":"2023-06-30T06:44:04","slug":"wir-ueber-uns","status":"publish","type":"page","link":"https:\/\/ferienwohnung-lammerberg.de\/?page_id=170","title":{"rendered":"Wir \u00fcber uns"},"content":{"rendered":"\n<p>Sch\u00f6n, dass Sie bei uns vorbeischauen. Wir m\u00f6chten uns Ihnen kurz vorstellen:<\/p>\n\n\n\n<p>Wir haben unser Haus 2006 gekauft und beschlossen, die zweite Wohnung Menschen zur Verf\u00fcgung zu stellen, die sich die Sch\u00f6nheiten der Schw\u00e4bischen Alb ansehen m\u00f6chten.<\/p>\n\n\n\n<p>Unsere Familie besteht aus meinem Mann Roland und mir, unsere Kinder sind inzwischen erwachsen und wohnen nicht mehr bei uns. Seit ein paar Jahren geh\u00f6rt ein Jagdhundmischling zu unserer Familie, der sehr ruhig und ausgeglichen ist.<\/p>\n\n\n\n<p>Wir versuchen, Ihnen Ihren Aufenthalt so angenehm wie m\u00f6glich zu gestalten. Gerne unterst\u00fctzen wir Sie mit Tipps und Anregungen f\u00fcr Wanderung und Einkehrschwung. Auch sonst sind wir gerne f\u00fcr Sie da &#8211; sprechen Sie uns einfach an!<\/p>\n","protected":false},"excerpt":{"rendered":"<p>Sch\u00f6n, dass Sie bei uns vorbeischauen. Wir m\u00f6chten uns Ihnen kurz vorstellen: Wir haben unser Haus 2006 gekauft und beschlossen, die zweite Wohnung Menschen zur Verf\u00fcgung zu stellen, die sich die Sch\u00f6nheiten der Schw\u00e4bischen Alb ansehen m\u00f6chten. Unsere Familie besteht aus meinem Mann Roland und mir, unsere Kinder sind inzwischen erwachsen und wohnen nicht mehr &hellip; <\/p>\n<p class=\"link-more\"><a href=\"https:\/\/ferienwohnung-lammerberg.de\/?page_id=170\" class=\"more-link\"><span class=\"screen-reader-text\">\u201eWir \u00fcber uns\u201c<\/span> weiterlesen<\/a><\/p>\n","protected":false},"author":1,"featured_media":0,"parent":0,"menu_order":0,"comment_status":"closed","ping_status":"closed","template":"","meta":{"footnotes":""},"class_list":["post-170","page","type-page","status-publish","hentry"],"_links":{"self":[{"href":"https:\/\/ferienwohnung-lammerberg.de\/index.php?rest_route=\/wp\/v2\/pages\/170","targetHints":{"allow":["GET"]}}],"collection":[{"href":"https:\/\/ferienwohnung-lammerberg.de\/index.php?rest_route=\/wp\/v2\/pages"}],"about":[{"href":"https:\/\/ferienwohnung-lammerberg.de\/index.php?rest_route=\/wp\/v2\/types\/page"}],"author":[{"embeddable":true,"href":"https:\/\/ferienwohnung-lammerberg.de\/index.php?rest_route=\/wp\/v2\/users\/1"}],"replies":[{"embeddable":true,"href":"https:\/\/ferienwohnung-lammerberg.de\/index.php?rest_route=%2Fwp%2Fv2%2Fcomments&post=170"}],"version-history":[{"count":4,"href":"https:\/\/ferienwohnung-lammerberg.de\/index.php?rest_route=\/wp\/v2\/pages\/170\/revisions"}],"predecessor-version":[{"id":226,"href":"https:\/\/ferienwohnung-lammerberg.de\/index.php?rest_route=\/wp\/v2\/pages\/170\/revisions\/226"}],"wp:attachment":[{"href":"https:\/\/ferienwohnung-lammerberg.de\/index.php?rest_route=%2Fwp%2Fv2%2Fmedia&parent=170"}],"curies":[{"name":"wp","href":"https:\/\/api.w.org\/{rel}","templated":true}]}}