{"id":134,"date":"2019-01-02T19:18:18","date_gmt":"2019-01-02T19:18:18","guid":{"rendered":"http:\/\/ferienwohnung-lammerberg.de\/?page_id=134"},"modified":"2021-10-07T18:00:14","modified_gmt":"2021-10-07T18:00:14","slug":"service","status":"publish","type":"page","link":"https:\/\/ferienwohnung-lammerberg.de\/?page_id=134","title":{"rendered":"Service"},"content":{"rendered":"\n<p>Wir m\u00f6chten, dass Sie sich wohl f\u00fchlen!<\/p>\n\n\n\n<p>Fragen Sie uns, falls Sie einen besonderen\nService w\u00fcnschen.<\/p>\n\n\n\n<p><strong>\u2022 Aktion gef\u00fcllter K\u00fchlschrank:<\/strong><br>\nSie reisen an &#8211; und der K\u00fchlschrank ist f\u00fcr das erste Abendessen und Fr\u00fchst\u00fcck\ngef\u00fcllt. Gerne \u00fcbernehmen wir den Einkauf f\u00fcr den ersten Tag.<br>\nSie sagen uns, was Sie brauchen und bezahlen den Einkaufspreis + eine\nServicegeb\u00fchr in H\u00f6he von 5,00 EUR.<\/p>\n\n\n\n<p>\u2022<strong> Abholservice<\/strong><br>\nWenn Sie mit \u00f6ffentlichen Verkehrsmitteln anreisen,<br>\nholen wir Sie gerne am Bahnhof ab.<\/p>\n\n\n\n<p>\u2022<strong>&nbsp;Br\u00f6tchenservice<\/strong><br>\nMorgens frische Br\u00f6tchen &#8211; kein Problem. Sie bestellen am Abend vorher<br>\nund bekommen die frischen Br\u00f6tchen direkt vor die T\u00fcre geliefert.&nbsp;<\/p>\n\n\n\n<p><strong>\u2022 Kinder willkommen!<\/strong><br>\nEin Kinderbett, ein Hochstuhl und eine Wickelauflage stehen Ihnen kostenlos zur\nVerf\u00fcgung. Nat\u00fcrlich haben wir auch gen\u00fcgend Spielsachen f\u00fcr Ihre Kinder, die\ndiese gerne benutzen d\u00fcrfen.<\/p>\n\n\n\n<p><\/p>\n","protected":false},"excerpt":{"rendered":"<p>Wir m\u00f6chten, dass Sie sich wohl f\u00fchlen! Fragen Sie uns, falls Sie einen besonderen Service w\u00fcnschen. \u2022 Aktion gef\u00fcllter K\u00fchlschrank: Sie reisen an &#8211; und der K\u00fchlschrank ist f\u00fcr das erste Abendessen und Fr\u00fchst\u00fcck gef\u00fcllt. Gerne \u00fcbernehmen wir den Einkauf f\u00fcr den ersten Tag. Sie sagen uns, was Sie brauchen und bezahlen den Einkaufspreis + &hellip; <\/p>\n<p class=\"link-more\"><a href=\"https:\/\/ferienwohnung-lammerberg.de\/?page_id=134\" class=\"more-link\"><span class=\"screen-reader-text\">\u201eService\u201c<\/span> weiterlesen<\/a><\/p>\n","protected":false},"author":1,"featured_media":0,"parent":0,"menu_order":0,"comment_status":"closed","ping_status":"closed","template":"","meta":{"footnotes":""},"class_list":["post-134","page","type-page","status-publish","hentry"],"_links":{"self":[{"href":"https:\/\/ferienwohnung-lammerberg.de\/index.php?rest_route=\/wp\/v2\/pages\/134","targetHints":{"allow":["GET"]}}],"collection":[{"href":"https:\/\/ferienwohnung-lammerberg.de\/index.php?rest_route=\/wp\/v2\/pages"}],"about":[{"href":"https:\/\/ferienwohnung-lammerberg.de\/index.php?rest_route=\/wp\/v2\/types\/page"}],"author":[{"embeddable":true,"href":"https:\/\/ferienwohnung-lammerberg.de\/index.php?rest_route=\/wp\/v2\/users\/1"}],"replies":[{"embeddable":true,"href":"https:\/\/ferienwohnung-lammerberg.de\/index.php?rest_route=%2Fwp%2Fv2%2Fcomments&post=134"}],"version-history":[{"count":2,"href":"https:\/\/ferienwohnung-lammerberg.de\/index.php?rest_route=\/wp\/v2\/pages\/134\/revisions"}],"predecessor-version":[{"id":168,"href":"https:\/\/ferienwohnung-lammerberg.de\/index.php?rest_route=\/wp\/v2\/pages\/134\/revisions\/168"}],"wp:attachment":[{"href":"https:\/\/ferienwohnung-lammerberg.de\/index.php?rest_route=%2Fwp%2Fv2%2Fmedia&parent=134"}],"curies":[{"name":"wp","href":"https:\/\/api.w.org\/{rel}","templated":true}]}}