{"id":12,"date":"2019-01-02T17:58:13","date_gmt":"2019-01-02T17:58:13","guid":{"rendered":"http:\/\/ferienwohnung-lammerberg.de\/?page_id=12"},"modified":"2019-01-02T18:11:27","modified_gmt":"2019-01-02T18:11:27","slug":"unsere-umgebung","status":"publish","type":"page","link":"https:\/\/ferienwohnung-lammerberg.de\/?page_id=12","title":{"rendered":"Unsere Umgebung"},"content":{"rendered":"\n<p>Unser Zweifamilienhaus, in dem wir die\nWohnung im Erdgeschoss bewohnen, steht in einer ruhigen Nebenstra\u00dfe und\ntrotzdem nur wenige Minuten vom Ortszentrum Tailfingen entfernt. Hier finden\nSie alle Gesch\u00e4fte des t\u00e4glichen Bedarfs sowie nette Kaffees und Gastst\u00e4tten.<\/p>\n\n\n\n<p>Die Traufg\u00e4nge und Mountainbike-Strecken\nrund um Albstadt sind in wenigen Minuten zu erreichen, der Down-Hill-Park liegt\nfast um die Ecke.<\/p>\n\n\n\n<p>Die Burg Hohenzollern, das Schloss in\nSigmaringen, Bodensee, das Donautal, den Rheinfall in Schaffhausen &#8211; alles\nerreichen Sie in rund einer Stunde.<\/p>\n\n\n\n<p>Und auch die Freizeitparks im S\u00fcden wie\ndas Ravensburger Spieleland, das Legoland in G\u00fcnzburg, den Europarks in Rust\nkann man als Tagesausflug einplanen.<\/p>\n","protected":false},"excerpt":{"rendered":"<p>Unser Zweifamilienhaus, in dem wir die Wohnung im Erdgeschoss bewohnen, steht in einer ruhigen Nebenstra\u00dfe und trotzdem nur wenige Minuten vom Ortszentrum Tailfingen entfernt. Hier finden Sie alle Gesch\u00e4fte des t\u00e4glichen Bedarfs sowie nette Kaffees und Gastst\u00e4tten. Die Traufg\u00e4nge und Mountainbike-Strecken rund um Albstadt sind in wenigen Minuten zu erreichen, der Down-Hill-Park liegt fast um &hellip; <\/p>\n<p class=\"link-more\"><a href=\"https:\/\/ferienwohnung-lammerberg.de\/?page_id=12\" class=\"more-link\"><span class=\"screen-reader-text\">\u201eUnsere Umgebung\u201c<\/span> weiterlesen<\/a><\/p>\n","protected":false},"author":1,"featured_media":0,"parent":0,"menu_order":0,"comment_status":"closed","ping_status":"closed","template":"","meta":{"footnotes":""},"class_list":["post-12","page","type-page","status-publish","hentry"],"_links":{"self":[{"href":"https:\/\/ferienwohnung-lammerberg.de\/index.php?rest_route=\/wp\/v2\/pages\/12","targetHints":{"allow":["GET"]}}],"collection":[{"href":"https:\/\/ferienwohnung-lammerberg.de\/index.php?rest_route=\/wp\/v2\/pages"}],"about":[{"href":"https:\/\/ferienwohnung-lammerberg.de\/index.php?rest_route=\/wp\/v2\/types\/page"}],"author":[{"embeddable":true,"href":"https:\/\/ferienwohnung-lammerberg.de\/index.php?rest_route=\/wp\/v2\/users\/1"}],"replies":[{"embeddable":true,"href":"https:\/\/ferienwohnung-lammerberg.de\/index.php?rest_route=%2Fwp%2Fv2%2Fcomments&post=12"}],"version-history":[{"count":2,"href":"https:\/\/ferienwohnung-lammerberg.de\/index.php?rest_route=\/wp\/v2\/pages\/12\/revisions"}],"predecessor-version":[{"id":43,"href":"https:\/\/ferienwohnung-lammerberg.de\/index.php?rest_route=\/wp\/v2\/pages\/12\/revisions\/43"}],"wp:attachment":[{"href":"https:\/\/ferienwohnung-lammerberg.de\/index.php?rest_route=%2Fwp%2Fv2%2Fmedia&parent=12"}],"curies":[{"name":"wp","href":"https:\/\/api.w.org\/{rel}","templated":true}]}}