{"id":107,"date":"2019-01-02T18:50:51","date_gmt":"2019-01-02T18:50:51","guid":{"rendered":"http:\/\/ferienwohnung-lammerberg.de\/?page_id=107"},"modified":"2023-06-30T06:47:55","modified_gmt":"2023-06-30T06:47:55","slug":"bad-und-toilette","status":"publish","type":"page","link":"https:\/\/ferienwohnung-lammerberg.de\/?page_id=107","title":{"rendered":"Bad und Toilette"},"content":{"rendered":"\n<div class=\"wp-block-image\"><figure class=\"alignleft size-large\"><img loading=\"lazy\" decoding=\"async\" width=\"768\" height=\"1024\" src=\"http:\/\/ferienwohnung-lammerberg.de\/wp-content\/uploads\/2023\/06\/Bad-768x1024.jpg\" alt=\"\" class=\"wp-image-196\" srcset=\"https:\/\/ferienwohnung-lammerberg.de\/wp-content\/uploads\/2023\/06\/Bad-768x1024.jpg 768w, https:\/\/ferienwohnung-lammerberg.de\/wp-content\/uploads\/2023\/06\/Bad-225x300.jpg 225w, https:\/\/ferienwohnung-lammerberg.de\/wp-content\/uploads\/2023\/06\/Bad-1152x1536.jpg 1152w, https:\/\/ferienwohnung-lammerberg.de\/wp-content\/uploads\/2023\/06\/Bad-1536x2048.jpg 1536w, https:\/\/ferienwohnung-lammerberg.de\/wp-content\/uploads\/2023\/06\/Bad-scaled.jpg 1920w\" sizes=\"auto, (max-width: 706px) 89vw, (max-width: 767px) 82vw, 740px\" \/><figcaption>Bad<\/figcaption><\/figure><\/div>\n\n\n\n<p>Unser Bad ist klein, aber fein. Eine\ngro\u00dfz\u00fcgige Dusche und ein Waschtisch, der in der gro\u00dfen Schublade gen\u00fcgend\nPlatz f\u00fcr Ihre Utensilien bietet, stehen Ihnen zur Verf\u00fcgung.<\/p>\n\n\n\n<p>Handt\u00fccher und ein F\u00f6n sind\nselbstverst\u00e4ndlich vorhanden. Die Toilette befindet sich in einem separaten\nRaum.<\/p>\n\n\n\n<div class=\"wp-block-image\"><figure class=\"alignright size-large\"><img loading=\"lazy\" decoding=\"async\" width=\"768\" height=\"1024\" src=\"http:\/\/ferienwohnung-lammerberg.de\/wp-content\/uploads\/2023\/06\/Toilette-768x1024.jpg\" alt=\"\" class=\"wp-image-210\" srcset=\"https:\/\/ferienwohnung-lammerberg.de\/wp-content\/uploads\/2023\/06\/Toilette-768x1024.jpg 768w, https:\/\/ferienwohnung-lammerberg.de\/wp-content\/uploads\/2023\/06\/Toilette-225x300.jpg 225w, https:\/\/ferienwohnung-lammerberg.de\/wp-content\/uploads\/2023\/06\/Toilette-1152x1536.jpg 1152w, https:\/\/ferienwohnung-lammerberg.de\/wp-content\/uploads\/2023\/06\/Toilette-1536x2048.jpg 1536w, https:\/\/ferienwohnung-lammerberg.de\/wp-content\/uploads\/2023\/06\/Toilette-scaled.jpg 1920w\" sizes=\"auto, (max-width: 706px) 89vw, (max-width: 767px) 82vw, 740px\" \/><figcaption>Toilette<\/figcaption><\/figure><\/div>\n","protected":false},"excerpt":{"rendered":"<p>Unser Bad ist klein, aber fein. Eine gro\u00dfz\u00fcgige Dusche und ein Waschtisch, der in der gro\u00dfen Schublade gen\u00fcgend Platz f\u00fcr Ihre Utensilien bietet, stehen Ihnen zur Verf\u00fcgung. Handt\u00fccher und ein F\u00f6n sind selbstverst\u00e4ndlich vorhanden. Die Toilette befindet sich in einem separaten Raum.<\/p>\n","protected":false},"author":1,"featured_media":0,"parent":0,"menu_order":0,"comment_status":"closed","ping_status":"closed","template":"","meta":{"footnotes":""},"class_list":["post-107","page","type-page","status-publish","hentry"],"_links":{"self":[{"href":"https:\/\/ferienwohnung-lammerberg.de\/index.php?rest_route=\/wp\/v2\/pages\/107","targetHints":{"allow":["GET"]}}],"collection":[{"href":"https:\/\/ferienwohnung-lammerberg.de\/index.php?rest_route=\/wp\/v2\/pages"}],"about":[{"href":"https:\/\/ferienwohnung-lammerberg.de\/index.php?rest_route=\/wp\/v2\/types\/page"}],"author":[{"embeddable":true,"href":"https:\/\/ferienwohnung-lammerberg.de\/index.php?rest_route=\/wp\/v2\/users\/1"}],"replies":[{"embeddable":true,"href":"https:\/\/ferienwohnung-lammerberg.de\/index.php?rest_route=%2Fwp%2Fv2%2Fcomments&post=107"}],"version-history":[{"count":4,"href":"https:\/\/ferienwohnung-lammerberg.de\/index.php?rest_route=\/wp\/v2\/pages\/107\/revisions"}],"predecessor-version":[{"id":229,"href":"https:\/\/ferienwohnung-lammerberg.de\/index.php?rest_route=\/wp\/v2\/pages\/107\/revisions\/229"}],"wp:attachment":[{"href":"https:\/\/ferienwohnung-lammerberg.de\/index.php?rest_route=%2Fwp%2Fv2%2Fmedia&parent=107"}],"curies":[{"name":"wp","href":"https:\/\/api.w.org\/{rel}","templated":true}]}}