{"id":100,"date":"2019-01-02T18:45:45","date_gmt":"2019-01-02T18:45:45","guid":{"rendered":"http:\/\/ferienwohnung-lammerberg.de\/?page_id=100"},"modified":"2023-06-30T06:39:32","modified_gmt":"2023-06-30T06:39:32","slug":"wohn-und-esszimmer","status":"publish","type":"page","link":"https:\/\/ferienwohnung-lammerberg.de\/?page_id=100","title":{"rendered":"Wohn- und Esszimmer"},"content":{"rendered":"\n<div class=\"wp-block-image\"><figure class=\"alignleft size-large\"><img loading=\"lazy\" decoding=\"async\" width=\"768\" height=\"1024\" src=\"http:\/\/ferienwohnung-lammerberg.de\/wp-content\/uploads\/2023\/06\/Wohnzimmer-1-768x1024.jpg\" alt=\"\" class=\"wp-image-211\" srcset=\"https:\/\/ferienwohnung-lammerberg.de\/wp-content\/uploads\/2023\/06\/Wohnzimmer-1-768x1024.jpg 768w, https:\/\/ferienwohnung-lammerberg.de\/wp-content\/uploads\/2023\/06\/Wohnzimmer-1-225x300.jpg 225w, https:\/\/ferienwohnung-lammerberg.de\/wp-content\/uploads\/2023\/06\/Wohnzimmer-1-1152x1536.jpg 1152w, https:\/\/ferienwohnung-lammerberg.de\/wp-content\/uploads\/2023\/06\/Wohnzimmer-1-1536x2048.jpg 1536w, https:\/\/ferienwohnung-lammerberg.de\/wp-content\/uploads\/2023\/06\/Wohnzimmer-1-scaled.jpg 1920w\" sizes=\"auto, (max-width: 706px) 89vw, (max-width: 767px) 82vw, 740px\" \/><figcaption>Wohnzimmer<\/figcaption><\/figure><\/div>\n\n\n\n<p>Das Wohnzimmer mit gro\u00dfer Couch und SAT-Fernsehen l\u00e4dt zu gem\u00fctlichen Abenden ein. B\u00fccher und Spiele sind vorhanden, ebenso Wanderkarten und Infomaterial zur n\u00e4heren und weiteren Umgebung.<br><br><br><\/p>\n\n\n\n<figure class=\"wp-block-image size-large\"><img loading=\"lazy\" decoding=\"async\" width=\"1024\" height=\"768\" src=\"http:\/\/ferienwohnung-lammerberg.de\/wp-content\/uploads\/2023\/06\/Wohnzimmer-1024x768.jpg\" alt=\"\" class=\"wp-image-212\" srcset=\"https:\/\/ferienwohnung-lammerberg.de\/wp-content\/uploads\/2023\/06\/Wohnzimmer-1024x768.jpg 1024w, https:\/\/ferienwohnung-lammerberg.de\/wp-content\/uploads\/2023\/06\/Wohnzimmer-300x225.jpg 300w, https:\/\/ferienwohnung-lammerberg.de\/wp-content\/uploads\/2023\/06\/Wohnzimmer-768x576.jpg 768w, https:\/\/ferienwohnung-lammerberg.de\/wp-content\/uploads\/2023\/06\/Wohnzimmer-1536x1152.jpg 1536w, https:\/\/ferienwohnung-lammerberg.de\/wp-content\/uploads\/2023\/06\/Wohnzimmer-2048x1536.jpg 2048w\" sizes=\"auto, (max-width: 706px) 89vw, (max-width: 767px) 82vw, 740px\" \/><\/figure>\n\n\n\n<p>Neben dem Wohnzimmer steht Ihnen &#8211; durch eine Schiebet\u00fcr getrennt\n&#8211; ein Esszimmer mit Tisch und 4 St\u00fchlen zur Verf\u00fcgung.<\/p>\n\n\n\n<div class=\"wp-block-image\"><figure class=\"alignright size-large\"><img loading=\"lazy\" decoding=\"async\" width=\"1024\" height=\"768\" src=\"http:\/\/ferienwohnung-lammerberg.de\/wp-content\/uploads\/2023\/06\/Esszimmer-1024x768.jpg\" alt=\"\" class=\"wp-image-202\" srcset=\"https:\/\/ferienwohnung-lammerberg.de\/wp-content\/uploads\/2023\/06\/Esszimmer-1024x768.jpg 1024w, https:\/\/ferienwohnung-lammerberg.de\/wp-content\/uploads\/2023\/06\/Esszimmer-300x225.jpg 300w, https:\/\/ferienwohnung-lammerberg.de\/wp-content\/uploads\/2023\/06\/Esszimmer-768x576.jpg 768w, https:\/\/ferienwohnung-lammerberg.de\/wp-content\/uploads\/2023\/06\/Esszimmer-1536x1152.jpg 1536w, https:\/\/ferienwohnung-lammerberg.de\/wp-content\/uploads\/2023\/06\/Esszimmer-2048x1536.jpg 2048w\" sizes=\"auto, (max-width: 706px) 89vw, (max-width: 767px) 82vw, 740px\" \/><figcaption>Esszimmer<\/figcaption><\/figure><\/div>\n","protected":false},"excerpt":{"rendered":"<p>Das Wohnzimmer mit gro\u00dfer Couch und SAT-Fernsehen l\u00e4dt zu gem\u00fctlichen Abenden ein. B\u00fccher und Spiele sind vorhanden, ebenso Wanderkarten und Infomaterial zur n\u00e4heren und weiteren Umgebung. Neben dem Wohnzimmer steht Ihnen &#8211; durch eine Schiebet\u00fcr getrennt &#8211; ein Esszimmer mit Tisch und 4 St\u00fchlen zur Verf\u00fcgung.<\/p>\n","protected":false},"author":1,"featured_media":0,"parent":0,"menu_order":0,"comment_status":"closed","ping_status":"closed","template":"","meta":{"footnotes":""},"class_list":["post-100","page","type-page","status-publish","hentry"],"_links":{"self":[{"href":"https:\/\/ferienwohnung-lammerberg.de\/index.php?rest_route=\/wp\/v2\/pages\/100","targetHints":{"allow":["GET"]}}],"collection":[{"href":"https:\/\/ferienwohnung-lammerberg.de\/index.php?rest_route=\/wp\/v2\/pages"}],"about":[{"href":"https:\/\/ferienwohnung-lammerberg.de\/index.php?rest_route=\/wp\/v2\/types\/page"}],"author":[{"embeddable":true,"href":"https:\/\/ferienwohnung-lammerberg.de\/index.php?rest_route=\/wp\/v2\/users\/1"}],"replies":[{"embeddable":true,"href":"https:\/\/ferienwohnung-lammerberg.de\/index.php?rest_route=%2Fwp%2Fv2%2Fcomments&post=100"}],"version-history":[{"count":3,"href":"https:\/\/ferienwohnung-lammerberg.de\/index.php?rest_route=\/wp\/v2\/pages\/100\/revisions"}],"predecessor-version":[{"id":223,"href":"https:\/\/ferienwohnung-lammerberg.de\/index.php?rest_route=\/wp\/v2\/pages\/100\/revisions\/223"}],"wp:attachment":[{"href":"https:\/\/ferienwohnung-lammerberg.de\/index.php?rest_route=%2Fwp%2Fv2%2Fmedia&parent=100"}],"curies":[{"name":"wp","href":"https:\/\/api.w.org\/{rel}","templated":true}]}}