{"id":10,"date":"2019-01-02T17:58:13","date_gmt":"2019-01-02T17:58:13","guid":{"rendered":"http:\/\/ferienwohnung-lammerberg.de\/?page_id=10"},"modified":"2019-01-02T19:04:59","modified_gmt":"2019-01-02T19:04:59","slug":"impressum","status":"publish","type":"page","link":"https:\/\/ferienwohnung-lammerberg.de\/?page_id=10","title":{"rendered":"Impressum"},"content":{"rendered":"\n<p>Ferienwohnung Lammerberg<br>\nNadja Wittmann<br>\nLammerbergstr. 27<br>\n72461 Albstadt<br>\nTel. +49 7432 171847<br>\nMail: info(at)ferienwohnung-lammerberg.de&nbsp;<\/p>\n\n\n\n<p>Hinweis zur\nOnline-Streitbeilegung gem\u00e4\u00df Art. 14 Abs. 1 ODR-VO:<br>\nDie Europ\u00e4ische Kommission stellt eine Plattform zur Online-Streitbeilegung\n(OS) bereit, die Sie unter <a href=\"https:\/\/news.dtvdata.de\/ncopen.php?nid=3016&amp;aid=39629&amp;apid=0&amp;url=http:\/\/ec.europa.eu\/consumers\/odr\/\">http:\/\/ec.europa.eu\/consumers\/odr\/<\/a> finden.<\/p>\n","protected":false},"excerpt":{"rendered":"<p>Ferienwohnung Lammerberg Nadja Wittmann Lammerbergstr. 27 72461 Albstadt Tel. +49 7432 171847 Mail: info(at)ferienwohnung-lammerberg.de&nbsp; Hinweis zur Online-Streitbeilegung gem\u00e4\u00df Art. 14 Abs. 1 ODR-VO: Die Europ\u00e4ische Kommission stellt eine Plattform zur Online-Streitbeilegung (OS) bereit, die Sie unter http:\/\/ec.europa.eu\/consumers\/odr\/ finden.<\/p>\n","protected":false},"author":1,"featured_media":0,"parent":0,"menu_order":0,"comment_status":"closed","ping_status":"closed","template":"","meta":{"footnotes":""},"class_list":["post-10","page","type-page","status-publish","hentry"],"_links":{"self":[{"href":"https:\/\/ferienwohnung-lammerberg.de\/index.php?rest_route=\/wp\/v2\/pages\/10","targetHints":{"allow":["GET"]}}],"collection":[{"href":"https:\/\/ferienwohnung-lammerberg.de\/index.php?rest_route=\/wp\/v2\/pages"}],"about":[{"href":"https:\/\/ferienwohnung-lammerberg.de\/index.php?rest_route=\/wp\/v2\/types\/page"}],"author":[{"embeddable":true,"href":"https:\/\/ferienwohnung-lammerberg.de\/index.php?rest_route=\/wp\/v2\/users\/1"}],"replies":[{"embeddable":true,"href":"https:\/\/ferienwohnung-lammerberg.de\/index.php?rest_route=%2Fwp%2Fv2%2Fcomments&post=10"}],"version-history":[{"count":2,"href":"https:\/\/ferienwohnung-lammerberg.de\/index.php?rest_route=\/wp\/v2\/pages\/10\/revisions"}],"predecessor-version":[{"id":125,"href":"https:\/\/ferienwohnung-lammerberg.de\/index.php?rest_route=\/wp\/v2\/pages\/10\/revisions\/125"}],"wp:attachment":[{"href":"https:\/\/ferienwohnung-lammerberg.de\/index.php?rest_route=%2Fwp%2Fv2%2Fmedia&parent=10"}],"curies":[{"name":"wp","href":"https:\/\/api.w.org\/{rel}","templated":true}]}}